{"id":303,"date":"2014-02-17T20:44:45","date_gmt":"2014-02-17T20:44:45","guid":{"rendered":"http:\/\/www.immanuelfamily.org\/?page_id=303"},"modified":"2023-11-13T20:36:08","modified_gmt":"2023-11-13T20:36:08","slug":"our-history","status":"publish","type":"page","link":"https:\/\/immanuelfamily.org\/es\/our-history\/","title":{"rendered":"Nuestra Historia"},"content":{"rendered":"<h3 class=\"wp-block-heading\" id=\"immanuel-christian-reformed-church\">Iglesia Cristiana B\u00edblica Emanuel<\/h3>\n\n\n<p><span style=\"line-height: 1.5em;\">Movida por el Esp\u00edritu de Dios, la Junta de Misiones Cristianas Reformadas de Chicago en 1958 extendi\u00f3 un llamado al evangelista Dirk Aardsma y su esposa para comenzar un ministerio de extensi\u00f3n comunitaria en lo que hoy es Burbank, Illinois. Desde el comienzo de s\u00f3lo dos ni\u00f1os en la primera clase de Escuela Dominical el 1 de junio de 1958, Dios bendijo el arduo trabajo y cada semana m\u00e1s personas comenzaron a asistir a los servicios. En septiembre de 1961 nuestro edificio original, que constaba de una capilla y aulas, fue oficialmente dedicado a la gloria de Dios.<\/span><\/p>\n\n\n\n<p>Dios continu\u00f3 bendiciendo el ministerio, utilizando un n\u00famero de familias cristianas reformadas ansiosas por usar sus dones y talentos para servir al Se\u00f1or. El crecimiento constante del compromiso de las familias de la comunidad llev\u00f3 a la capilla al punto en que estuvo lista para convertirse en una iglesia. En mayo de 1973, la capilla se organiz\u00f3 oficialmente para convertirse en la Iglesia Cristiana Reformada Immanuel.<\/p>\n\n\n\n<p>Los esfuerzos por conseguir un pastor fueron bendecidos por Dios y, el 10 de junio de 1974, llegaron el Rev. Gary P. Hutt y su familia. Dios continu\u00f3 bendiciendo y pronto nuestro centro de adoraci\u00f3n y nuestras instalaciones educativas se llenaron. En septiembre de 1975, la congregaci\u00f3n aprob\u00f3 abrumadoramente una propuesta para construir un nuevo centro de adoraci\u00f3n y aulas adicionales. Los servicios de dedicaci\u00f3n de enero de 1977 nos dieron la oportunidad de agradecer y alabar a Dios por su bondad. En enero de 1982, el pastor Hutt acept\u00f3 un llamado a Oreg\u00f3n.<\/p>\n\n\n\n<p>El reverendo Lester Van Essen, que acababa de completar 20 a\u00f1os de trabajo como misionero en Nigeria, acept\u00f3 nuestro llamado y vino a nosotros en agosto de 1982. Bajo el pastor Van Essen, Dios continu\u00f3 bendiciendo a Immanuel mientras segu\u00edamos creciendo espiritualmente y en alcance comunitario. La adici\u00f3n de un vest\u00edbulo ampliado y tres aulas adicionales en 1991 llev\u00f3 las instalaciones de nuestra iglesia a su tama\u00f1o actual. En noviembre de 1993, el pastor Van Essen acept\u00f3 un llamado a Lansing, Illinois.<\/p>\n\n\n\n<p>El Rev. Alvin Machiela acept\u00f3 un llamado para convertirse en nuestro pastor en enero de 1994. El pastor Machiela nos desafi\u00f3 a llevar una vida santa y a animarnos unos a otros. Bajo su liderazgo se enfatiz\u00f3 la importancia de la oraci\u00f3n y el equipo de adoraci\u00f3n se volvi\u00f3 m\u00e1s activo en la planificaci\u00f3n de los servicios de adoraci\u00f3n. El pastor Machiela acept\u00f3 un llamado a Oreg\u00f3n en agosto de 1996.<\/p>\n\n\n\n<p>Stephen K. Rhoda vino a nosotros desde el Seminario Calvin como pastor interino en agosto de 1996. En enero de 1997, Immanuel le extendi\u00f3 un llamado para convertirse en nuestro pr\u00f3ximo pastor. Fue ordenado e instalado en abril de 1997. A trav\u00e9s de su fiel predicaci\u00f3n y ense\u00f1anza de la palabra de Dios, las personas y las familias se acercaron m\u00e1s a Dios. Muchas personas han comentado sobre su crecimiento espiritual bajo el pastor Rhoda. En enero de 2002, el pastor Rhoda acept\u00f3 un llamado al Sioux Center, Iowa.<\/p>\n\n\n\n<p>El reverendo Gerry Van Dam fue llamado desde Farmingham, Nuevo M\u00e9xico para convertirse en nuestro pr\u00f3ximo pastor en 2004. Durante este tiempo celebramos la bondad y la fidelidad de Dios en el 50 aniversario de Immanuel. Pasamos el fin de semana celebrando y abrazando a miembros, amigos y seguidores pasados y presentes. De cerca y de lejos nos reunimos para recordar c\u00f3mo hemos disfrutado la \u201cVida con nuestro Rey\u201d en Immanuel durante los \u00faltimos 50 a\u00f1os. En 2011, el pastor Gerry y Immanuel Church decidieron que Dios nos estaba llevando a separarnos. El pastor Gerry sigui\u00f3 una carrera en capellan\u00eda hospitalaria.<\/p>\n\n\n\n<p>A principios de 2013, Immanuel fue llevado a llamar a David Ten Clay para que fuera nuestro pastor. El pastor Dave vino a nosotros desde Roseland Christian Ministries, donde se desempe\u00f1\u00f3 como director de vivienda y administrador de instalaciones. Fue ordenado al ministerio de la Palabra en nuestra iglesia el 3 de marzo de 2013. Aporta un nivel renovado de entusiasmo y un esp\u00edritu de unidad restaurado. Bajo su liderazgo tenemos un nuevo sistema de proyecci\u00f3n, un sitio web y hemos dado la bienvenida a una variedad de nuevos miembros y fieles. En noviembre de 2019, el pastor Dave acept\u00f3 un llamado a Hudsonville, Michigan.<\/p>\n\n\n\n<p>Despu\u00e9s de un largo e integral proceso de b\u00fasqueda que nos llev\u00f3 a la meta de convertirnos en un ministerio biling\u00fce, Dios ha respondido nuestras oraciones. El pastor Israel Ledee acept\u00f3 el llamado a ser nuestro pr\u00f3ximo pastor y le hemos dado la bienvenida a nuestra comunidad al pastor Israel y a su esposa, Mariana.<\/p>\n\n\n\n<p>Dios ha continuado bendiciendo los esfuerzos voluntariosos de su pueblo y esperamos muchos a\u00f1os m\u00e1s de adoraci\u00f3n y servicio a la comunidad en el \u00e1rea suroeste de Chicago. En verdad, Dios ha sido bueno. A \u00e9l sea todo el honor y la gloria.<\/p>\n\n\n\n<p><em>continue al<\/em><br><a title=\"Liderazgo de la Iglesia\" href=\"https:\/\/immanuelfamily.org\/es\/church-leadership\/\">Liderazgo de la Iglesia<\/a><\/p>","protected":false},"excerpt":{"rendered":"<p>Immanuel Christian Reformed Church Moved by the Spirit of God, the Chicagoland Christian Reformed Board of Missions in 1958 extended a call to Evangelist Dirk Aardsma and his wife to begin a community outreach ministry in what is now Burbank, Illinois. From a beginning of just two boys at the first Sunday School class on [&hellip;]<\/p>","protected":false},"author":7,"featured_media":27634,"parent":0,"menu_order":34,"comment_status":"open","ping_status":"open","template":"","meta":{"_seopress_robots_primary_cat":"","_seopress_titles_title":"","_seopress_titles_desc":"","_seopress_robots_index":"","_seopress_analysis_target_kw":"","footnotes":""},"class_list":["post-303","page","type-page","status-publish","has-post-thumbnail","hentry"],"blocksy_meta":[],"_links":{"self":[{"href":"https:\/\/immanuelfamily.org\/es\/wp-json\/wp\/v2\/pages\/303","targetHints":{"allow":["GET"]}}],"collection":[{"href":"https:\/\/immanuelfamily.org\/es\/wp-json\/wp\/v2\/pages"}],"about":[{"href":"https:\/\/immanuelfamily.org\/es\/wp-json\/wp\/v2\/types\/page"}],"author":[{"embeddable":true,"href":"https:\/\/immanuelfamily.org\/es\/wp-json\/wp\/v2\/users\/7"}],"replies":[{"embeddable":true,"href":"https:\/\/immanuelfamily.org\/es\/wp-json\/wp\/v2\/comments?post=303"}],"version-history":[{"count":2,"href":"https:\/\/immanuelfamily.org\/es\/wp-json\/wp\/v2\/pages\/303\/revisions"}],"predecessor-version":[{"id":28706,"href":"https:\/\/immanuelfamily.org\/es\/wp-json\/wp\/v2\/pages\/303\/revisions\/28706"}],"wp:featuredmedia":[{"embeddable":true,"href":"https:\/\/immanuelfamily.org\/es\/wp-json\/wp\/v2\/media\/27634"}],"wp:attachment":[{"href":"https:\/\/immanuelfamily.org\/es\/wp-json\/wp\/v2\/media?parent=303"}],"curies":[{"name":"wp","href":"https:\/\/api.w.org\/{rel}","templated":true}]}}