{"id":25763,"date":"2023-09-14T20:37:15","date_gmt":"2023-09-14T20:37:15","guid":{"rendered":"https:\/\/bullinger.refsites.com\/?page_id=25763"},"modified":"2023-10-19T21:43:43","modified_gmt":"2023-10-19T21:43:43","slug":"what-we-believe","status":"publish","type":"page","link":"https:\/\/immanuelfamily.org\/es\/what-we-believe\/","title":{"rendered":"Nuestras Creencias"},"content":{"rendered":"<ul class=\"wp-block-list\">\n<li>Creemos que la Biblia es la palabra escrita infalible de Dios, inspirada por el Esp\u00edritu Santo y sin error.<\/li>\n\n\n\n<li>Creemos en la Sant\u00edsima Trinidad. Hay un Dios, que existe eternamente en tres personas: el Padre, el Hijo y el Esp\u00edritu Santo.<\/li>\n\n\n\n<li>Creemos que todos somos pecadores y totalmente incapaces de salvarnos del desagrado de Dios, excepto por Su misericordia. La salvaci\u00f3n es s\u00f3lo de Dios, ya que \u00c9l elige soberanamente a aquellos a quienes salvar\u00e1. Su elecci\u00f3n se basa en Su gracia, no en ning\u00fan m\u00e9rito humano e individual.<\/li>\n\n\n\n<li>Creemos que Jesucristo es el Hijo eterno de Dios, quien, mediante Su vida perfecta y muerte expiatoria, expi\u00f3 los pecados de todos los que conf\u00edan s\u00f3lo en \u00c9l para salvaci\u00f3n.<\/li>\n\n\n\n<li>Creemos que el Esp\u00edritu Santo habita en el pueblo de Dios y les da la fuerza y la sabidur\u00eda para confiar en Cristo y seguirlo.<\/li>\n\n\n\n<li>Creemos que Jes\u00fas regresar\u00e1, corporal y visiblemente, para juzgar a toda la humanidad y recibir a Su pueblo.<\/li>\n<\/ul>\n\n\n<h2 class=\"wp-block-heading\" id=\"creeds-and-confessions\">Credos y Confesiones<\/h2>\n\n\n<p>Afirmamos tres credos: el&nbsp;<a href=\"https:\/\/www.crcna.org\/welcome\/beliefs\/creeds\/apostles-creed\">credo de los Ap\u00f3stoles<\/a>el&nbsp;<a href=\"https:\/\/www.crcna.org\/welcome\/beliefs\/creeds\/nicene-creed\">el credo de Nicea,<\/a>, y los&nbsp;<a href=\"https:\/\/www.crcna.org\/welcome\/beliefs\/creeds\/athanasian-creed\">Credo de Atanasio<\/a>\u2014como expresiones ecum\u00e9nicas de la fe cristiana. Tambi\u00e9n afirmamos tres confesiones: la&nbsp;<a href=\"https:\/\/www.crcna.org\/welcome\/beliefs\/confessions\/belgic-confession\">Confesi\u00f3n Belga<\/a>el&nbsp;<a href=\"https:\/\/www.crcna.org\/welcome\/beliefs\/confessions\/heidelberg-catechism\">Catecismo de Heidelberg<\/a>, y los&nbsp;<a href=\"https:\/\/www.crcna.org\/welcome\/beliefs\/confessions\/canons-dort\">C\u00e1nones de Dort<\/a>\u2014como expresiones hist\u00f3ricas reformadas de la fe cristiana, cuyas doctrinas concuerdan plenamente con la Palabra de Dios.<\/p>","protected":false},"excerpt":{"rendered":"<p>Creeds and Confessions We affirm three creeds\u2014the&nbsp;Apostles\u2019 Creed, the&nbsp;Nicene Creed, and the&nbsp;Athanasian Creed\u2014as ecumenical expressions of the Christian faith. We also affirm three confessions\u2014the&nbsp;Belgic Confession, the&nbsp;Heidelberg Catechism, and the&nbsp;Canons of Dort\u2014as historic Reformed expressions of the Christian faith, whose doctrines fully agree with the Word of God.<\/p>","protected":false},"author":1,"featured_media":28535,"parent":0,"menu_order":27,"comment_status":"closed","ping_status":"closed","template":"","meta":{"_seopress_robots_primary_cat":"","_seopress_titles_title":"","_seopress_titles_desc":"","_seopress_robots_index":"","footnotes":""},"class_list":["post-25763","page","type-page","status-publish","has-post-thumbnail","hentry"],"blocksy_meta":{"styles_descriptor":{"styles":{"desktop":"[data-prefix=\"single_page\"] .entry-header .page-title {--theme-font-size:30px;} [data-prefix=\"single_page\"] .entry-header .entry-meta {--theme-font-weight:600;--theme-text-transform:uppercase;--theme-font-size:12px;--theme-line-height:1.3;} [data-prefix=\"single_page\"] .hero-section[data-type=\"type-1\"] {--margin-bottom:40;}","tablet":"","mobile":""},"google_fonts":{"Crimson Text":["n4","n6"]},"version":6},"page_title_panel":"","has_hero_section":"enabled","86982ef09db07282c1a13e5c89e53174":"","hero_section":"type-1","hero_elements":[{"id":"custom_title","enabled":true,"heading_tag":"h1","title":"Home"},{"id":"custom_description","enabled":true,"description_visibility":{"desktop":true,"tablet":true,"mobile":false}},{"id":"custom_meta","enabled":false,"meta_elements":[{"id":"author","enabled":true,"label":"By","has_author_avatar":"yes","avatar_size":25},{"id":"post_date","enabled":true,"label":"On","date_format_source":"default","date_format":"M j, Y"},{"id":"updated_date","enabled":false,"label":"On","date_format_source":"default","date_format":"M j, Y"},{"id":"categories","enabled":false,"label":"In","style":"simple"},{"id":"comments","enabled":true}],"page_meta_elements":{"joined":true,"articles_count":true,"comments":true}},{"id":"breadcrumbs","enabled":false}],"20ec79d2206154e98e09b6a7786265a2":"","hero_alignment1":"CT_CSS_SKIP_RULE","hero_margin":40,"hero_alignment2":"center","hero_vertical_alignment":"center","0b942916662ab933e2c18914a4dbd157":"","hero_structure":"narrow","1051b2ded0b01de5a8bd70940797e012":"","page_title_bg_type":"featured_image","custom_hero_background":{"attachment_id":null},"page_title_image_size":"full","parallax":{"desktop":false,"tablet":false,"mobile":false},"7b8074b370a892eca560811781c437a0":"","hero_height":"250px","pageTitleFont":{"family":"Default","variation":"Default","size":"30px","line-height":"CT_CSS_SKIP_RULE","letter-spacing":"CT_CSS_SKIP_RULE","text-transform":"CT_CSS_SKIP_RULE","text-decoration":"CT_CSS_SKIP_RULE"},"pageTitleFontColor":{"default":{"color":"CT_CSS_SKIP_RULEDEFAULT"}},"pageMetaFont":{"family":"Default","variation":"n6","size":"12px","line-height":"1.3","letter-spacing":"CT_CSS_SKIP_RULE","text-transform":"uppercase","text-decoration":"CT_CSS_SKIP_RULE"},"pageMetaFontColor":{"default":{"color":"CT_CSS_SKIP_RULEDEFAULT"},"hover":{"color":"CT_CSS_SKIP_RULEDEFAULT"}},"page_meta_button_type_font_colors":{"default":{"color":"CT_CSS_SKIP_RULEDEFAULT"},"hover":{"color":"CT_CSS_SKIP_RULEDEFAULT"}},"page_meta_button_type_background_colors":{"default":{"color":"CT_CSS_SKIP_RULEDEFAULT"},"hover":{"color":"CT_CSS_SKIP_RULEDEFAULT"}},"pageExcerptFont":{"family":"Default","variation":"Default","size":"CT_CSS_SKIP_RULE","line-height":"CT_CSS_SKIP_RULE","letter-spacing":"CT_CSS_SKIP_RULE","text-transform":"CT_CSS_SKIP_RULE","text-decoration":"CT_CSS_SKIP_RULE"},"pageExcerptColor":{"default":{"color":"CT_CSS_SKIP_RULEDEFAULT"}},"breadcrumbsFont":{"family":"Default","variation":"Default","size":"CT_CSS_SKIP_RULE","line-height":"CT_CSS_SKIP_RULE","letter-spacing":"CT_CSS_SKIP_RULE","text-transform":"CT_CSS_SKIP_RULE","text-decoration":"CT_CSS_SKIP_RULE"},"breadcrumbsFontColor":{"default":{"color":"CT_CSS_SKIP_RULEDEFAULT"},"initial":{"color":"CT_CSS_SKIP_RULEDEFAULT"},"hover":{"color":"CT_CSS_SKIP_RULEDEFAULT"}},"acf_field_hero_elements":"","typography":{"family":"Default","variation":"Default","size":"CT_CSS_SKIP_RULE","line-height":"CT_CSS_SKIP_RULE","letter-spacing":"CT_CSS_SKIP_RULE","text-transform":"CT_CSS_SKIP_RULE","text-decoration":"CT_CSS_SKIP_RULE"},"color":{"default":{"color":"CT_CSS_SKIP_RULEDEFAULT"},"hover":{"color":"CT_CSS_SKIP_RULEDEFAULT"}},"metabox_field_hero_elements":"","toolset_field_hero_elements":"","jetengine_field_hero_elements":"","custom_field_hero_elements":"","pageTitleOverlay":{"background_type":"color","background_pattern":"type-1","background_image":{"attachment_id":null,"x":0,"y":0},"gradient":"linear-gradient(135deg,rgba(6,147,227,1) 0%,rgb(155,81,224) 100%)","background_repeat":"repeat","background_size":"auto","background_attachment":"scroll","patternColor":{"default":{"color":"#e5e7ea"}},"overlayColor":{"default":{"color":"CT_CSS_SKIP_RULE"}},"backgroundColor":{"default":{"color":"CT_CSS_SKIP_RULE"}}},"pageTitleBackground":{"background_type":"color","background_pattern":"type-1","background_image":{"attachment_id":null,"x":0,"y":0},"gradient":"linear-gradient(135deg,rgba(6,147,227,1) 0%,rgb(155,81,224) 100%)","background_repeat":"repeat","background_size":"auto","background_attachment":"scroll","patternColor":{"default":{"color":"#e5e7ea"}},"overlayColor":{"default":{"color":"CT_CSS_SKIP_RULE"}},"backgroundColor":{"default":{"color":"var(--theme-palette-color-6)"}}},"pageTitlePadding":{"top":"50px","bottom":"50px","left":"auto","right":"auto","linked":true},"a3c2c88337eeadc314e509e75dff0d31":"","page_structure_type":"default","ce11a17bb3637037c2a9ac86f451cd0f":"","content_style_source":"inherit","content_style":"wide","vertical_spacing_source":"inherit","content_area_spacing":"both","background":{"background_type":"color","background_pattern":"type-1","background_image":{"attachment_id":null,"x":0,"y":0},"gradient":"linear-gradient(135deg,rgba(6,147,227,1) 0%,rgb(155,81,224) 100%)","background_repeat":"repeat","background_size":"auto","background_attachment":"scroll","patternColor":{"default":{"color":"#e5e7ea"}},"overlayColor":{"default":{"color":"CT_CSS_SKIP_RULE"}},"backgroundColor":{"default":{"color":"CT_CSS_SKIP_RULE"}}},"content_background":{"background_type":"color","background_pattern":"type-1","background_image":{"attachment_id":null,"x":0,"y":0},"gradient":"linear-gradient(135deg,rgba(6,147,227,1) 0%,rgb(155,81,224) 100%)","background_repeat":"repeat","background_size":"auto","background_attachment":"scroll","patternColor":{"default":{"color":"#e5e7ea"}},"overlayColor":{"default":{"color":"CT_CSS_SKIP_RULE"}},"backgroundColor":{"default":{"color":"var(--theme-palette-color-8)"}}},"content_boxed_shadow":{"inherit":false,"blur":18,"spread":-6,"v_offset":12,"h_offset":0,"inset":false,"enable":true,"color":{"color":"rgba(34, 56, 101, 0.04)"}},"content_boxed_border":{"width":1,"style":"none","color":{"color":"rgba(44,62,80,0.2)"}},"content_boxed_radius":{"top":"3px","bottom":"3px","left":"3px","right":"3px","linked":true},"boxed_content_spacing":{"desktop":{"top":"40px","bottom":"40px","left":"40px","right":"40px","linked":true},"tablet":{"top":"35px","bottom":"35px","left":"35px","right":"35px","linked":true},"mobile":{"top":"20px","bottom":"20px","left":"20px","right":"20px","linked":true}},"7f7b95aaf55525c5a0167c75be5e6ee0":"","disable_featured_image":"no","disable_share_box":"no","disable_header":"no","disable_footer":"no","12aea1b76dbf4d58990c983be8a8bda4":"","header_footer_scripts_panel":"","header_scripts":"","6c77ce54ef4a5872cf03677646d3c41c":"","header_after_body_scripts":"","4de19f45ba7296033b3aead3346e09a8":"","footer_scripts":""},"_links":{"self":[{"href":"https:\/\/immanuelfamily.org\/es\/wp-json\/wp\/v2\/pages\/25763","targetHints":{"allow":["GET"]}}],"collection":[{"href":"https:\/\/immanuelfamily.org\/es\/wp-json\/wp\/v2\/pages"}],"about":[{"href":"https:\/\/immanuelfamily.org\/es\/wp-json\/wp\/v2\/types\/page"}],"author":[{"embeddable":true,"href":"https:\/\/immanuelfamily.org\/es\/wp-json\/wp\/v2\/users\/1"}],"replies":[{"embeddable":true,"href":"https:\/\/immanuelfamily.org\/es\/wp-json\/wp\/v2\/comments?post=25763"}],"version-history":[{"count":15,"href":"https:\/\/immanuelfamily.org\/es\/wp-json\/wp\/v2\/pages\/25763\/revisions"}],"predecessor-version":[{"id":28618,"href":"https:\/\/immanuelfamily.org\/es\/wp-json\/wp\/v2\/pages\/25763\/revisions\/28618"}],"wp:featuredmedia":[{"embeddable":true,"href":"https:\/\/immanuelfamily.org\/es\/wp-json\/wp\/v2\/media\/28535"}],"wp:attachment":[{"href":"https:\/\/immanuelfamily.org\/es\/wp-json\/wp\/v2\/media?parent=25763"}],"curies":[{"name":"wp","href":"https:\/\/api.w.org\/{rel}","templated":true}]}}