{"id":25,"date":"2013-08-03T21:59:11","date_gmt":"2013-08-03T21:59:11","guid":{"rendered":"http:\/\/www.immanuelfamily.org\/?page_id=25"},"modified":"2023-11-17T02:32:04","modified_gmt":"2023-11-17T02:32:04","slug":"who-we-are","status":"publish","type":"page","link":"https:\/\/immanuelfamily.org\/es\/who-we-are\/","title":{"rendered":"Quienes Somos"},"content":{"rendered":"<p><span style=\"line-height: 1.5em;\">El pueblo de Emanuel demuestra fidelidad a Dios y a su familia a trav\u00e9s de nuestro \u00e9nfasis en la s\u00f3lida predicaci\u00f3n b\u00edblica y el cuidado mutuo. Somos una comunidad que comparte sus alegr\u00edas y cargas a trav\u00e9s de la oraci\u00f3n, la adoraci\u00f3n y las relaciones personales.<\/span><\/p>\n\n\n\n<p><span style=\"line-height: 1.5em;\">Immanuel tiene un ambiente abierto y amigable que da la bienvenida a personas de diversos or\u00edgenes y nacionalidades. No tenemos un c\u00f3digo de vestimenta y los visitantes son saludados y bienvenidos activamente antes, durante y despu\u00e9s del servicio de adoraci\u00f3n.<\/span><\/p>\n\n\n\n<p>Dios ha bendecido a Immanuel con muchos miembros dedicados dispuestos a usar sus dones en una variedad de ministerios dise\u00f1ados para alcanzar a personas de todas las edades.<\/p>\n\n\n\n<p>Immanuel tambi\u00e9n valora su ministerio m\u00e1s all\u00e1 de nuestra comunidad en su compromiso de apoyo misionero.<\/p>","protected":false},"excerpt":{"rendered":"<p>The people of Immanuel demonstrate faithfulness to God and to His&nbsp;family through our emphasis on sound Biblical preaching and caring&nbsp;for one another. We are a fellowship that shares its joys and burdens&nbsp;through prayer, worship, and personal relationships. Immanuel has an open, friendly atmosphere that welcomes people&nbsp;from varied backgrounds and nationalities. We don\u2019t have a dress [&hellip;]<\/p>","protected":false},"author":4,"featured_media":28694,"parent":0,"menu_order":28,"comment_status":"open","ping_status":"open","template":"","meta":{"_seopress_robots_primary_cat":"","_seopress_titles_title":"","_seopress_titles_desc":"","_seopress_robots_index":"","footnotes":""},"class_list":["post-25","page","type-page","status-publish","has-post-thumbnail","hentry"],"blocksy_meta":[],"_links":{"self":[{"href":"https:\/\/immanuelfamily.org\/es\/wp-json\/wp\/v2\/pages\/25","targetHints":{"allow":["GET"]}}],"collection":[{"href":"https:\/\/immanuelfamily.org\/es\/wp-json\/wp\/v2\/pages"}],"about":[{"href":"https:\/\/immanuelfamily.org\/es\/wp-json\/wp\/v2\/types\/page"}],"author":[{"embeddable":true,"href":"https:\/\/immanuelfamily.org\/es\/wp-json\/wp\/v2\/users\/4"}],"replies":[{"embeddable":true,"href":"https:\/\/immanuelfamily.org\/es\/wp-json\/wp\/v2\/comments?post=25"}],"version-history":[{"count":2,"href":"https:\/\/immanuelfamily.org\/es\/wp-json\/wp\/v2\/pages\/25\/revisions"}],"predecessor-version":[{"id":28695,"href":"https:\/\/immanuelfamily.org\/es\/wp-json\/wp\/v2\/pages\/25\/revisions\/28695"}],"wp:featuredmedia":[{"embeddable":true,"href":"https:\/\/immanuelfamily.org\/es\/wp-json\/wp\/v2\/media\/28694"}],"wp:attachment":[{"href":"https:\/\/immanuelfamily.org\/es\/wp-json\/wp\/v2\/media?parent=25"}],"curies":[{"name":"wp","href":"https:\/\/api.w.org\/{rel}","templated":true}]}}